{"id":12670,"date":"2024-10-18T12:53:31","date_gmt":"2024-10-18T08:53:31","guid":{"rendered":"https:\/\/ckfinc.com\/politique-en-matiere-de-cookies\/"},"modified":"2024-11-14T16:55:10","modified_gmt":"2024-11-14T12:55:10","slug":"politique-en-matiere-de-cookies","status":"publish","type":"page","link":"https:\/\/ckfinc.com\/fr\/politique-en-matiere-de-cookies\/","title":{"rendered":"Politique en mati\u00c3\u00a8re de cookies"},"content":{"rendered":"\t\t<div data-elementor-type=\"wp-page\" data-elementor-id=\"12670\" class=\"elementor elementor-12670 elementor-10771\" data-elementor-settings=\"{&quot;ha_cmc_init_switcher&quot;:&quot;no&quot;}\" data-elementor-post-type=\"page\">\n\t\t\t\t<div class=\"elementor-element elementor-element-ad79c4d e-flex e-con-boxed e-con e-parent\" data-id=\"ad79c4d\" data-element_type=\"container\" data-e-type=\"container\" data-settings=\"{&quot;_ob_use_container_extras&quot;:&quot;no&quot;,&quot;_ob_column_hoveranimator&quot;:&quot;no&quot;,&quot;_ob_column_has_pseudo&quot;:&quot;no&quot;}\">\n\t\t\t\t\t<div class=\"e-con-inner\">\n\t\t\t\t<div class=\"elementor-element elementor-element-a61b90f ob-harakiri-inherit ob-has-background-overlay ob-postman elementor-widget elementor-widget-text-editor\" data-id=\"a61b90f\" data-element_type=\"widget\" data-e-type=\"widget\" data-settings=\"{&quot;_ob_postman_use&quot;:&quot;yes&quot;,&quot;_ob_postman_lists_popover&quot;:&quot;yes&quot;,&quot;_ob_postman_headings_popover&quot;:&quot;yes&quot;,&quot;_ob_postman_paragraph_popover&quot;:&quot;yes&quot;,&quot;_ob_use_harakiri&quot;:&quot;yes&quot;,&quot;_ob_harakiri_writing_mode&quot;:&quot;inherit&quot;,&quot;_ob_poopart_use&quot;:&quot;yes&quot;,&quot;_ob_allow_hoveranimator&quot;:&quot;no&quot;}\" data-widget_type=\"text-editor.default\">\n\t\t\t\t<div class=\"elementor-widget-container\">\n\t\t\t\t\t\t\t\t\t<h3>\u00c0 propos de cette politique en mati\u00e8re de cookies.<\/h3>\n<p>La pr\u00e9sente politique en mati\u00e8re de cookies explique ce que sont les cookies et comment nous les utilisons. Vous devez lire cette politique pour comprendre ce que sont les cookies, comment nous les utilisons, les types de cookies que nous utilisons, c&rsquo;est-\u00e0-dire les informations que nous collectons \u00e0 l&rsquo;aide des cookies et la mani\u00e8re dont ces informations sont utilis\u00e9es, ainsi que la mani\u00e8re de contr\u00f4ler les pr\u00e9f\u00e9rences en mati\u00e8re de cookies. Pour plus d&rsquo;informations sur la mani\u00e8re dont nous utilisons, stockons et s\u00e9curisons vos donn\u00e9es personnelles, consultez notre <a title=\"https:\/\/ckfinc.com\/privacy-policy\" href=\"https:\/\/ckfinc.com\/privacy-policy\/\" target=\"_blank\" rel=\"noreferrer noopener\">politique de confidentialit\u00e9<\/a>.  <\/p>\n<p>Vous pouvez \u00e0 tout moment modifier ou retirer votre consentement \u00e0 la d\u00e9claration relative aux cookies sur notre site Internet. Pour en savoir plus sur qui nous sommes, comment vous pouvez nous contacter et comment nous traitons les donn\u00e9es personnelles, consultez notre politique de confidentialit\u00e9. Votre consentement s&rsquo;applique aux domaines suivants : ckf.candy-staging.com  <\/p>\n<p>[user_consent_state]<\/p>\n<h3>Qu&rsquo;est-ce qu&rsquo;un cookie ?<\/h3>\n<p>Les cookies sont de petits fichiers texte utilis\u00e9s pour stocker de petits \u00e9l\u00e9ments d&rsquo;information. Les cookies sont stock\u00e9s sur votre appareil lorsque le site Internet est charg\u00e9 sur votre navigateur. Ces cookies nous aident \u00e0 faire fonctionner le site Internet correctement, \u00e0 le rendre plus s\u00fbr, \u00e0 offrir une meilleure exp\u00e9rience \u00e0 l&rsquo;utilisateur, \u00e0 comprendre comment le site Internet fonctionne et \u00e0 analyser ce qui fonctionne et ce qui doit \u00eatre am\u00e9lior\u00e9.  <\/p>\n<h3>Comment utilisons-nous les cookies ?<\/h3>\n<p>Comme la plupart des services en ligne, notre site Internet utilise des cookies de premi\u00e8re partie et de tierce partie pour un certain nombre de raisons. Les cookies de premi\u00e8re partie sont essentiellement n\u00e9cessaires au bon fonctionnement du site Internet et ne collectent aucune de vos donn\u00e9es personnelles identifiables. <\/p>\n<p>Les cookies de tierce partie utilis\u00e9s sur nos sites Internet servent principalement \u00e0 comprendre comment le site Internet fonctionne, comment vous interagissez avec notre site Internet, \u00e0 assurer la s\u00e9curit\u00e9 de nos services, \u00e0 fournir des publicit\u00e9s pertinentes pour vous et, dans l&rsquo;ensemble, \u00e0 vous offrir une exp\u00e9rience utilisateur meilleure et am\u00e9lior\u00e9e et \u00e0 acc\u00e9l\u00e9rer vos interactions futures avec notre site Internet.<\/p>\n<h3>Quels types de cookies utilisons-nous ?<\/h3>\n<p>Les cookies utilis\u00e9s sur notre site Internet sont regroup\u00e9s dans les cat\u00e9gories suivantes.<\/p>\n<h4>Non n\u00e9cessaires<\/h4>\n<p>Tous les cookies qui ne sont pas particuli\u00e8rement n\u00e9cessaires au fonctionnement du site Internet et qui sont utilis\u00e9s sp\u00e9cifiquement pour collecter des donn\u00e9es personnelles sur les utilisateurs par le biais d&rsquo;analyses, de publicit\u00e9s et d&rsquo;autres contenus int\u00e9gr\u00e9s sont appel\u00e9s \u00ab cookies non n\u00e9cessaires \u00bb. Il est obligatoire d&rsquo;obtenir le consentement de l&rsquo;utilisateur avant d&rsquo;utiliser ces cookies sur votre site Internet. <\/p>\n<h4>N\u00e9cessaire<\/h4>\n<p>Les cookies n\u00e9cessaires sont absolument indispensables au bon fonctionnement du site Internet. Cette cat\u00e9gorie ne comprend que les cookies qui garantissent les fonctionnalit\u00e9s de base et les caract\u00e9ristiques de s\u00e9curit\u00e9 du site Internet. Ces cookies ne stockent aucune information personnelle.  <\/p>\n<p>La liste ci-dessous d\u00e9taille les cookies utilis\u00e9s sur notre site Internet.<\/p>\n\t\t\t\t\t\t\t\t<\/div>\n\t\t\t\t<\/div>\n\t\t\t\t<div class=\"elementor-element elementor-element-79729bf elementor-widget__width-inherit ob-has-background-overlay elementor-widget elementor-widget-ucaddon_ue_table\" data-id=\"79729bf\" data-element_type=\"widget\" data-e-type=\"widget\" data-settings=\"{&quot;_ob_poopart_use&quot;:&quot;yes&quot;,&quot;_ob_allow_hoveranimator&quot;:&quot;no&quot;}\" data-widget_type=\"ucaddon_ue_table.default\">\n\t\t\t\t<div class=\"elementor-widget-container\">\n\t\t\t\t\t\n<!-- start Unlimited Table -->\n\t\t<link id='font-awesome-css' href='https:\/\/ckfinc.com\/wp-content\/plugins\/unlimited-elements-for-elementor-premium\/assets_libraries\/font-awesome6\/fontawesome-all.min.css' type='text\/css' rel='stylesheet' >\n\t\t<link id='font-awesome-4-shim-css' href='https:\/\/ckfinc.com\/wp-content\/plugins\/unlimited-elements-for-elementor-premium\/assets_libraries\/font-awesome6\/fontawesome-v4-shims.min.css' type='text\/css' rel='stylesheet' >\n\t\t<link id='uc_ac_assets_file_tabulator_min_css_25955-css' href='https:\/\/ckfinc.com\/wp-content\/uploads\/ac_assets\/ue_table\/vendor\/tabulator.min.css' type='text\/css' rel='stylesheet' >\n\n<style>\/* widget: Unlimited Table *\/\n\n#uc_ue_table_elementor_79729bf.ue-table {\n  display: flex;\n  flex-direction: column;\n  opacity: 1;\n  transition: opacity .3s ease-in-out;\n}\n\n\n#uc_ue_table_elementor_79729bf .tabulator-header .tabulator-col svg,\n#uc_ue_table_elementor_79729bf .tabulator-table .tabulator-cell svg {\n  height:1em;\n  width:1em;\n}\n\n\n#uc_ue_table_elementor_79729bf.ue-table.uc-show {\n  opacity: 1;\n}\n\n\n#uc_ue_table_elementor_79729bf .ue-table__tools {\n  display: flex;\n  justify-content: flex-end;\n  }\n\n#uc_ue_table_elementor_79729bf .ue-table__search-btn,\n#uc_ue_table_elementor_79729bf .ue-table__search-fields-toggle {\n  height: 100%\n}\n\n#uc_ue_table_elementor_79729bf .ue-table__filter-container {\n  position: relative;\n  display: flex;\n  justify-content: center;\n  align-items: center;\n}\n\n#uc_ue_table_elementor_79729bf .ue-table__search-fields {\n  position: absolute;\n  top: 0;\n  width: 100%;\n  max-height: 200px;\n  overflow: auto;\n  list-style-type: none;\n  z-index: 2;\n  display: flex;\n  flex-direction: column;\n  gap: .5em;\n  transform-origin: top center;\n  transform: scaleY(0);\n  transition: transform .3s ease-in-out;\n}\n\n#uc_ue_table_elementor_79729bf .ue-table__search-fields.uc-show {\n  transform: scaleY(1);\n}\n\n#uc_ue_table_elementor_79729bf .ue-table__search-fields li {\n  display: flex;\n  align-items: center;\n  gap: 0.5em;\n}\n\n#uc_ue_table_elementor_79729bf .ue-table-icon {\n  position: relative;\n\tdisplay: flex;\n    justify-content: center;\n    align-items: center;\n  cursor: pointer;\n  padding: 5px;\n}\n\n\n.ue-table__templates-container {\n\tdisplay: none;\n}\n\n#uc_ue_table_elementor_79729bf .tabulator-cell {\t\n  white-space: normal;\n}\n\n  #uc_ue_table_elementor_79729bf .tabulator-responsive-collapse {\t\n      white-space: normal;\n  }\n\n#uc_ue_table_elementor_79729bf .tabulator .tabulator-header .tabulator-col {\n  color: #FFFFFF;\n  background-color: #1A2C46;\n}\n\n#uc_ue_table_elementor_79729bf .tabulator .tabulator-header .tabulator-col:hover {\n  background-color: ;\n}\n\n\n  #uc_ue_table_elementor_79729bf .tabulator .tabulator-header .tabulator-col,\n  #uc_ue_table_elementor_79729bf .tabulator .tabulator-header .tabulator-cell,\n  #uc_ue_table_elementor_79729bf .tabulator .tabulator-row .tabulator-col,\n  #uc_ue_table_elementor_79729bf .tabulator .tabulator-row .tabulator-cell {\n      border-left-style: solid;\n    border-left: none;\n  }\n  #uc_ue_table_elementor_79729bf .tabulator-col-resize-handle {\n    border-width: 1px;\n      border-left-color: #555555;\n    border-left-style: solid;\n  }\n\n@media screen and (max-width: 1024px) {\n  #uc_ue_table_elementor_79729bf .tabulator-col-resize-handle {\n    border-width: ;\n  }\n}\n@media screen and (max-width: 767px) {\n  #uc_ue_table_elementor_79729bf .tabulator-col-resize-handle {\n    border-width: ;\n  }\n}\n\n#uc_ue_table_elementor_79729bf .tabulator-headers .tabulator-col:last-of-type,\n#uc_ue_table_elementor_79729bf .tabulator-row .tabulator-cell:last-of-type{\n  border-right: none !important;\n}\n\n#uc_ue_table_elementor_79729bf .tabulator-col-resize-handle:last-of-type {\n  display: none;\n}\n\n\n.tabulator-col,\n.tabulator-row,\n.tabulator-cell,\n.ue-table-column__button {\n  transition: all .2s ease-in-out;\n}\n\n.ue-table-column__button {\n  display: inline-block;\n}\n\n\/*\n.tabulator-headers>.tabulator-col:not([class*='elementor-repeater-item']),\n.tabulator-table>.tabulator-row>.tabulator-cell:not([tabulator-field*='column']) {\n\twidth: 100px !important;\n}\n*\/\n\n.tabulator-table>.tabulator-row>.tabulator-cell:not([tabulator-field*='column'])\n\n\t    \n\n\n\n\t    \n\n\n\n   \n\n  \n   \n  \n\n\n\n\n\n\n\n\n\t\t\t \n\t\n    \t#uc_ue_table_elementor_79729bf .elementor-repeater-item-8e88320 .tabulator-cell:nth-child(2) {\n      color: #1A2C46;\n      stroke: #1A2C46;\n    }\n\t#uc_ue_table_elementor_79729bf .elementor-repeater-item-8e88320 .tabulator-cell:nth-child(2):hover {\n      color: ;\n      stroke: ;\n    }\n     \n  \t#uc_ue_table_elementor_79729bf .elementor-repeater-item-8e88320 .tabulator-cell:nth-child(2) {\n\t\tbackground-color: #828FA514;\n    }\n\t#uc_ue_table_elementor_79729bf .elementor-repeater-item-8e88320 .tabulator-cell:nth-child(2):hover {\n\t\tbackground-color: ;\n    }\n\n  \n\n\n\n\n\n\t\t\t \n\t\n     \n  \t#uc_ue_table_elementor_79729bf .elementor-repeater-item-8e88320 .tabulator-cell:nth-child(3) {\n\t\tbackground-color: #828FA514;\n    }\n\t#uc_ue_table_elementor_79729bf .elementor-repeater-item-8e88320 .tabulator-cell:nth-child(3):hover {\n\t\tbackground-color: ;\n    }\n\n  \n\n\n   \n\n    \t \n  \n   \n  \n\n\n\n\n\n\n\n\n\t\t\t \n\t\n     \n  \n\n\n\n\n\n\t\t\t \n\t\n     \n  \n\n\n   \n\n    \t \n  \n   \n  \n\n\n\n\n\n\n\n\n\t\t\t \n\t\n    \t#uc_ue_table_elementor_79729bf .elementor-repeater-item-63dccd9 .tabulator-cell:nth-child(2) {\n      color: #1A2C46;\n      stroke: #1A2C46;\n    }\n\t#uc_ue_table_elementor_79729bf .elementor-repeater-item-63dccd9 .tabulator-cell:nth-child(2):hover {\n      color: ;\n      stroke: ;\n    }\n     \n  \t#uc_ue_table_elementor_79729bf .elementor-repeater-item-63dccd9 .tabulator-cell:nth-child(2) {\n\t\tbackground-color: #828FA514;\n    }\n\t#uc_ue_table_elementor_79729bf .elementor-repeater-item-63dccd9 .tabulator-cell:nth-child(2):hover {\n\t\tbackground-color: ;\n    }\n\n  \n\n\n\n\n\n\t\t\t \n\t\n     \n  \t#uc_ue_table_elementor_79729bf .elementor-repeater-item-63dccd9 .tabulator-cell:nth-child(3) {\n\t\tbackground-color: #828FA514;\n    }\n\t#uc_ue_table_elementor_79729bf .elementor-repeater-item-63dccd9 .tabulator-cell:nth-child(3):hover {\n\t\tbackground-color: ;\n    }\n\n  \n\n\n   \n\n    \t \n  \n   \n  \n\n\n\n\n\n\n\n\n\t\t\t \n\t\n     \n  \n\n\n\n\n\n\t\t\t \n\t\n     \n  \n\n\n   \n\n    \t \n  \n   \n  \n\n\n\n\n\n\n\n\n\t\t\t \n\t\n     \n  \n\n\n\n\n\n\t\t\t \n\t\n     \n  \n\n\n   \n\n    \t \n  \n   \n  \n\n\n\n\n\n\n\n\n\t\t\t \n\t\n     \n  \n\n\n\n\n\n\t\t\t \n\t\n     \n  \n\n\n\n<\/style>\n\n<div id=\"uc_ue_table_elementor_79729bf\" class=\"ue-table\">\n    <div class=\"ue-table__tools\" role=\"menu\">\n                            <\/div>\n  <div class=\"ue-table__container\" tabindex=\"0\"><\/div>\n  <div class=\"ue-table__templates-container\">\n  \t\n\n\n\n\n\n\n\n\n\n\n\n\n\n\n\n\n\n\n\n \n  <\/div>\n<\/div>\n\n\n\n<!-- end Unlimited Table -->\t\t\t\t<\/div>\n\t\t\t\t<\/div>\n\t\t\t\t<div class=\"elementor-element elementor-element-64b8f5d ob-harakiri-inherit ob-has-background-overlay ob-postman elementor-widget elementor-widget-text-editor\" data-id=\"64b8f5d\" data-element_type=\"widget\" data-e-type=\"widget\" data-settings=\"{&quot;_ob_postman_use&quot;:&quot;yes&quot;,&quot;_ob_postman_lists_popover&quot;:&quot;yes&quot;,&quot;_ob_postman_headings_popover&quot;:&quot;yes&quot;,&quot;_ob_postman_paragraph_popover&quot;:&quot;yes&quot;,&quot;_ob_use_harakiri&quot;:&quot;yes&quot;,&quot;_ob_harakiri_writing_mode&quot;:&quot;inherit&quot;,&quot;_ob_poopart_use&quot;:&quot;yes&quot;,&quot;_ob_allow_hoveranimator&quot;:&quot;no&quot;}\" data-widget_type=\"text-editor.default\">\n\t\t\t\t<div class=\"elementor-widget-container\">\n\t\t\t\t\t\t\t\t\t<h3>Comment puis-je contr\u00f4ler les pr\u00e9f\u00e9rences en mati\u00e8re de cookies ?<\/h3>\n<p>Vous pouvez g\u00e9rer vos pr\u00e9f\u00e9rences en mati\u00e8re de cookies en cliquant sur le bouton \u00ab Param\u00e8tres \u00bb et en activant ou d\u00e9sactivant les cat\u00e9gories de cookies dans la fen\u00eatre contextuelle en fonction de vos pr\u00e9f\u00e9rences.<\/p>\n<p>Si vous d\u00e9cidez de modifier vos pr\u00e9f\u00e9rences plus tard au cours de votre session de navigation, vous pouvez cliquer sur l&rsquo;onglet \u00ab Politique en mati\u00e8re de confidentialit\u00e9 et de cookies \u00bb sur votre \u00e9cran. L&rsquo;avis de consentement s&rsquo;affichera \u00e0 nouveau, ce qui vous permettra de modifier vos pr\u00e9f\u00e9rences ou de retirer enti\u00e8rement votre consentement. <\/p>\n<p>De plus, les navigateurs proposent des m\u00e9thodes diff\u00e9rentes pour bloquer et supprimer les cookies utilis\u00e9s par les sites Internet. Vous pouvez modifier les param\u00e8tres de votre navigateur pour bloquer\/supprimer les cookies. <\/p>\n\t\t\t\t\t\t\t\t<\/div>\n\t\t\t\t<\/div>\n\t\t\t\t\t<\/div>\n\t\t\t\t<\/div>\n\t\t\t\t<\/div>\n\t\t","protected":false},"excerpt":{"rendered":"<p>\u00c3\u20ac propos de cette politique en mati\u00c3\u00a8re de cookies. La pr\u00c3\u00a9sente politique en mati\u00c3\u00a8re de cookies explique ce que sont les cookies et comment nous les utilisons. Vous devez lire cette politique pour comprendre ce que sont les cookies, comment nous les utilisons, les types de cookies que nous utilisons, c&rsquo;est-\u00c3\u00a0-dire les informations que nous [&hellip;]<\/p>\n","protected":false},"author":236612260,"featured_media":0,"parent":0,"menu_order":0,"comment_status":"closed","ping_status":"closed","template":"","meta":{"_acf_changed":false,"footnotes":"","_links_to":"","_links_to_target":""},"categories":[1456],"tags":[],"class_list":["post-12670","page","type-page","status-publish","hentry","category-external-fr"],"acf":[],"yoast_head":"<!-- This site is optimized with the Yoast SEO plugin v27.4 - https:\/\/yoast.com\/product\/yoast-seo-wordpress\/ -->\n<title>Politique en mati\u00c3\u00a8re de cookies<\/title>\n<meta name=\"robots\" content=\"noindex, follow\" \/>\n<meta property=\"og:locale\" content=\"fr_FR\" \/>\n<meta property=\"og:type\" content=\"article\" \/>\n<meta property=\"og:title\" content=\"Politique en mati\u00c3\u00a8re de cookies\" \/>\n<meta property=\"og:description\" content=\"\u00c3\u20ac propos de cette politique en mati\u00c3\u00a8re de cookies. La pr\u00c3\u00a9sente politique en mati\u00c3\u00a8re de cookies explique ce que sont les cookies et comment nous les utilisons. Vous devez lire cette politique pour comprendre ce que sont les cookies, comment nous les utilisons, les types de cookies que nous utilisons, c&rsquo;est-\u00c3\u00a0-dire les informations que nous [&hellip;]\" \/>\n<meta property=\"og:url\" content=\"https:\/\/ckfinc.com\/fr\/politique-en-matiere-de-cookies\/\" \/>\n<meta property=\"og:site_name\" content=\"CKF Inc.\" \/>\n<meta property=\"article:modified_time\" content=\"2024-11-14T12:55:10+00:00\" \/>\n<meta name=\"twitter:card\" content=\"summary_large_image\" \/>\n<meta name=\"twitter:label1\" content=\"Dur\u00e9e de lecture estim\u00e9e\" \/>\n\t<meta name=\"twitter:data1\" content=\"3 minutes\" \/>\n<script type=\"application\/ld+json\" class=\"yoast-schema-graph\">{\"@context\":\"https:\\\/\\\/schema.org\",\"@graph\":[{\"@type\":\"WebPage\",\"@id\":\"https:\\\/\\\/ckfinc.com\\\/fr\\\/politique-en-matiere-de-cookies\\\/\",\"url\":\"https:\\\/\\\/ckfinc.com\\\/fr\\\/politique-en-matiere-de-cookies\\\/\",\"name\":\"Politique en mati\u00c3\u00a8re de cookies\",\"isPartOf\":{\"@id\":\"https:\\\/\\\/ckfinc.com\\\/fr\\\/#website\"},\"datePublished\":\"2024-10-18T08:53:31+00:00\",\"dateModified\":\"2024-11-14T12:55:10+00:00\",\"breadcrumb\":{\"@id\":\"https:\\\/\\\/ckfinc.com\\\/fr\\\/politique-en-matiere-de-cookies\\\/#breadcrumb\"},\"inLanguage\":\"fr-FR\",\"potentialAction\":[{\"@type\":\"ReadAction\",\"target\":[\"https:\\\/\\\/ckfinc.com\\\/fr\\\/politique-en-matiere-de-cookies\\\/\"]}]},{\"@type\":\"BreadcrumbList\",\"@id\":\"https:\\\/\\\/ckfinc.com\\\/fr\\\/politique-en-matiere-de-cookies\\\/#breadcrumb\",\"itemListElement\":[{\"@type\":\"ListItem\",\"position\":1,\"name\":\"Home\",\"item\":\"https:\\\/\\\/ckfinc.com\\\/fr\\\/\"},{\"@type\":\"ListItem\",\"position\":2,\"name\":\"Politique en mati\u00c3\u00a8re de cookies\"}]},{\"@type\":\"WebSite\",\"@id\":\"https:\\\/\\\/ckfinc.com\\\/fr\\\/#website\",\"url\":\"https:\\\/\\\/ckfinc.com\\\/fr\\\/\",\"name\":\"CKF Inc.\",\"description\":\"Proud manufacturers of food service, disposable tableware, and food packaging products since 1933\",\"publisher\":{\"@id\":\"https:\\\/\\\/ckfinc.com\\\/fr\\\/#organization\"},\"potentialAction\":[{\"@type\":\"SearchAction\",\"target\":{\"@type\":\"EntryPoint\",\"urlTemplate\":\"https:\\\/\\\/ckfinc.com\\\/fr\\\/?s={search_term_string}\"},\"query-input\":{\"@type\":\"PropertyValueSpecification\",\"valueRequired\":true,\"valueName\":\"search_term_string\"}}],\"inLanguage\":\"fr-FR\"},{\"@type\":\"Organization\",\"@id\":\"https:\\\/\\\/ckfinc.com\\\/fr\\\/#organization\",\"name\":\"CKF Inc.\",\"url\":\"https:\\\/\\\/ckfinc.com\\\/fr\\\/\",\"logo\":{\"@type\":\"ImageObject\",\"inLanguage\":\"fr-FR\",\"@id\":\"https:\\\/\\\/ckfinc.com\\\/fr\\\/#\\\/schema\\\/logo\\\/image\\\/\",\"url\":\"https:\\\/\\\/ckfinc.com\\\/wp-content\\\/uploads\\\/2024\\\/06\\\/CKF-Logo-1.png\",\"contentUrl\":\"https:\\\/\\\/ckfinc.com\\\/wp-content\\\/uploads\\\/2024\\\/06\\\/CKF-Logo-1.png\",\"width\":100,\"height\":100,\"caption\":\"CKF Inc.\"},\"image\":{\"@id\":\"https:\\\/\\\/ckfinc.com\\\/fr\\\/#\\\/schema\\\/logo\\\/image\\\/\"}}]}<\/script>\n<!-- \/ Yoast SEO plugin. -->","yoast_head_json":{"title":"Politique en mati\u00c3\u00a8re de cookies","robots":{"index":"noindex","follow":"follow"},"og_locale":"fr_FR","og_type":"article","og_title":"Politique en mati\u00c3\u00a8re de cookies","og_description":"\u00c3\u20ac propos de cette politique en mati\u00c3\u00a8re de cookies. La pr\u00c3\u00a9sente politique en mati\u00c3\u00a8re de cookies explique ce que sont les cookies et comment nous les utilisons. Vous devez lire cette politique pour comprendre ce que sont les cookies, comment nous les utilisons, les types de cookies que nous utilisons, c&rsquo;est-\u00c3\u00a0-dire les informations que nous [&hellip;]","og_url":"https:\/\/ckfinc.com\/fr\/politique-en-matiere-de-cookies\/","og_site_name":"CKF Inc.","article_modified_time":"2024-11-14T12:55:10+00:00","twitter_card":"summary_large_image","twitter_misc":{"Dur\u00e9e de lecture estim\u00e9e":"3 minutes"},"schema":{"@context":"https:\/\/schema.org","@graph":[{"@type":"WebPage","@id":"https:\/\/ckfinc.com\/fr\/politique-en-matiere-de-cookies\/","url":"https:\/\/ckfinc.com\/fr\/politique-en-matiere-de-cookies\/","name":"Politique en mati\u00c3\u00a8re de cookies","isPartOf":{"@id":"https:\/\/ckfinc.com\/fr\/#website"},"datePublished":"2024-10-18T08:53:31+00:00","dateModified":"2024-11-14T12:55:10+00:00","breadcrumb":{"@id":"https:\/\/ckfinc.com\/fr\/politique-en-matiere-de-cookies\/#breadcrumb"},"inLanguage":"fr-FR","potentialAction":[{"@type":"ReadAction","target":["https:\/\/ckfinc.com\/fr\/politique-en-matiere-de-cookies\/"]}]},{"@type":"BreadcrumbList","@id":"https:\/\/ckfinc.com\/fr\/politique-en-matiere-de-cookies\/#breadcrumb","itemListElement":[{"@type":"ListItem","position":1,"name":"Home","item":"https:\/\/ckfinc.com\/fr\/"},{"@type":"ListItem","position":2,"name":"Politique en mati\u00c3\u00a8re de cookies"}]},{"@type":"WebSite","@id":"https:\/\/ckfinc.com\/fr\/#website","url":"https:\/\/ckfinc.com\/fr\/","name":"CKF Inc.","description":"Proud manufacturers of food service, disposable tableware, and food packaging products since 1933","publisher":{"@id":"https:\/\/ckfinc.com\/fr\/#organization"},"potentialAction":[{"@type":"SearchAction","target":{"@type":"EntryPoint","urlTemplate":"https:\/\/ckfinc.com\/fr\/?s={search_term_string}"},"query-input":{"@type":"PropertyValueSpecification","valueRequired":true,"valueName":"search_term_string"}}],"inLanguage":"fr-FR"},{"@type":"Organization","@id":"https:\/\/ckfinc.com\/fr\/#organization","name":"CKF Inc.","url":"https:\/\/ckfinc.com\/fr\/","logo":{"@type":"ImageObject","inLanguage":"fr-FR","@id":"https:\/\/ckfinc.com\/fr\/#\/schema\/logo\/image\/","url":"https:\/\/ckfinc.com\/wp-content\/uploads\/2024\/06\/CKF-Logo-1.png","contentUrl":"https:\/\/ckfinc.com\/wp-content\/uploads\/2024\/06\/CKF-Logo-1.png","width":100,"height":100,"caption":"CKF Inc."},"image":{"@id":"https:\/\/ckfinc.com\/fr\/#\/schema\/logo\/image\/"}}]}},"_links":{"self":[{"href":"https:\/\/ckfinc.com\/fr\/wp-json\/wp\/v2\/pages\/12670","targetHints":{"allow":["GET"]}}],"collection":[{"href":"https:\/\/ckfinc.com\/fr\/wp-json\/wp\/v2\/pages"}],"about":[{"href":"https:\/\/ckfinc.com\/fr\/wp-json\/wp\/v2\/types\/page"}],"author":[{"embeddable":true,"href":"https:\/\/ckfinc.com\/fr\/wp-json\/wp\/v2\/users\/236612260"}],"replies":[{"embeddable":true,"href":"https:\/\/ckfinc.com\/fr\/wp-json\/wp\/v2\/comments?post=12670"}],"version-history":[{"count":1,"href":"https:\/\/ckfinc.com\/fr\/wp-json\/wp\/v2\/pages\/12670\/revisions"}],"predecessor-version":[{"id":12671,"href":"https:\/\/ckfinc.com\/fr\/wp-json\/wp\/v2\/pages\/12670\/revisions\/12671"}],"wp:attachment":[{"href":"https:\/\/ckfinc.com\/fr\/wp-json\/wp\/v2\/media?parent=12670"}],"wp:term":[{"taxonomy":"category","embeddable":true,"href":"https:\/\/ckfinc.com\/fr\/wp-json\/wp\/v2\/categories?post=12670"},{"taxonomy":"post_tag","embeddable":true,"href":"https:\/\/ckfinc.com\/fr\/wp-json\/wp\/v2\/tags?post=12670"}],"curies":[{"name":"wp","href":"https:\/\/api.w.org\/{rel}","templated":true}]}}