{"id":12668,"date":"2026-01-23T11:36:48","date_gmt":"2026-01-23T07:36:48","guid":{"rendered":"https:\/\/ckfinc.com\/politique-de-confidentialite\/"},"modified":"2024-11-15T17:00:37","modified_gmt":"2024-11-15T13:00:37","slug":"politique-de-confidentialite","status":"publish","type":"page","link":"https:\/\/ckfinc.com\/fr\/politique-de-confidentialite\/","title":{"rendered":"Politique de confidentialit\u00e9"},"content":{"rendered":"\t\t<div data-elementor-type=\"wp-page\" data-elementor-id=\"12668\" class=\"elementor elementor-12668 elementor-10729\" data-elementor-settings=\"{&quot;ha_cmc_init_switcher&quot;:&quot;no&quot;}\" data-elementor-post-type=\"page\">\n\t\t\t\t<div class=\"elementor-element elementor-element-ad79c4d e-flex e-con-boxed e-con e-parent\" data-id=\"ad79c4d\" data-element_type=\"container\" data-e-type=\"container\" data-settings=\"{&quot;_ob_use_container_extras&quot;:&quot;no&quot;,&quot;_ob_column_hoveranimator&quot;:&quot;no&quot;,&quot;_ob_column_has_pseudo&quot;:&quot;no&quot;}\">\n\t\t\t\t\t<div class=\"e-con-inner\">\n\t\t\t\t<div class=\"elementor-element elementor-element-a61b90f ob-harakiri-inherit ob-has-background-overlay ob-postman elementor-widget elementor-widget-text-editor\" data-id=\"a61b90f\" data-element_type=\"widget\" data-e-type=\"widget\" data-settings=\"{&quot;_ob_postman_use&quot;:&quot;yes&quot;,&quot;_ob_postman_lists_popover&quot;:&quot;yes&quot;,&quot;_ob_use_harakiri&quot;:&quot;yes&quot;,&quot;_ob_harakiri_writing_mode&quot;:&quot;inherit&quot;,&quot;_ob_poopart_use&quot;:&quot;yes&quot;,&quot;_ob_allow_hoveranimator&quot;:&quot;no&quot;}\" data-widget_type=\"text-editor.default\">\n\t\t\t\t<div class=\"elementor-widget-container\">\n\t\t\t\t\t\t\t\t\t<p>CKF Inc. exploite le site <a href=\"https:\/\/ckfinc.com\/fr\/\">www.ckfinc.com<\/a>. Cette page vous informe de nos politiques concernant la collecte, l&rsquo;utilisation et la divulgation des informations personnelles que nous recevons des utilisateurs du site. <\/p>\n<p>En utilisant le site, vous acceptez la collecte et l&rsquo;utilisation des informations conform\u00e9ment \u00e0 cette politique.<\/p>\n<h3>Collecte et utilisation des informations<\/h3>\n<p>Lors de l&rsquo;utilisation de notre site, nous pouvons vous demander de nous fournir certaines informations personnellement identifiables qui peuvent \u00eatre utilis\u00e9es pour vous contacter ou vous identifier. Les informations personnellement identifiables peuvent inclure, sans s&rsquo;y limiter, votre nom, votre adresse ou vos coordonn\u00e9es. <\/p>\n<h3>Donn\u00e9es du journal<\/h3>\n<p>Comme de nombreux op\u00e9rateurs de sites, nous recueillons des informations que votre navigateur envoie lorsque vous visitez notre site.<\/p>\n<p>Ces donn\u00e9es de journal peuvent inclure des informations telles que l&rsquo;adresse de protocole Internet (\u00ab IP \u00bb) de votre ordinateur, le type de navigateur, la version du navigateur, les pages de notre site que vous visitez, l&rsquo;heure et la date de votre visite, le temps pass\u00e9 sur ces pages et d&rsquo;autres statistiques.<\/p>\n<p>De plus, nous pouvons utiliser des services tiers tels qu&rsquo;Adobe Analytics qui collectent, contr\u00f4lent et analysent ces informations.<\/p>\n<h3>Communications<\/h3>\n<p>Nous pouvons utiliser vos informations personnelles pour vous contacter et vous envoyer des documents marketing ou promotionnels que nous jugeons utiles pour vous.<\/p>\n<h3>Cookies<\/h3>\n<p>Les cookies sont des fichiers contenant une petite quantit\u00e9 de donn\u00e9es, qui peuvent inclure un identifiant unique anonyme. Les cookies sont envoy\u00e9s \u00e0 votre navigateur par un site Internet et stock\u00e9s sur le disque dur de votre ordinateur. Pour en savoir plus, veuillez consulter notre <a href=\"https:\/\/ckfinc.com\/fr\/politique-en-matiere-de-cookies\/\">page sur la politique en mati\u00e8re de cookies<\/a>.  <\/p>\n<p>Comme de nombreux sites, nous utilisons des \u00ab cookies \u00bb pour collecter des informations. Vous pouvez demander \u00e0 votre navigateur de refuser tous les cookies ou de vous indiquer quand un cookie est envoy\u00e9. Toutefois, si vous n&rsquo;acceptez pas les cookies, il se peut que vous ne puissiez pas utiliser certaines parties de notre site.  <\/p>\n<h3>S\u00e9curit\u00e9<\/h3>\n<p>La s\u00e9curit\u00e9 de vos informations personnelles est importante pour nous, mais n&rsquo;oubliez pas qu&rsquo;aucune m\u00e9thode de transmission sur Internet ou de stockage \u00e9lectronique n&rsquo;est s\u00fbre \u00e0 100 %. Bien que nous nous efforcions d&rsquo;utiliser des moyens commercialement acceptables pour prot\u00e9ger vos informations personnelles, nous ne pouvons pas garantir leur s\u00e9curit\u00e9 absolue. <\/p>\n<h3>Modifications de la pr\u00e9sente politique de confidentialit\u00e9<\/h3>\n<p>La pr\u00e9sente politique de confidentialit\u00e9 est entr\u00e9e en vigueur le 12 ao\u00fbt 2020 et le restera, sauf en ce qui concerne les modifications futures de ses dispositions, qui entreront en vigueur imm\u00e9diatement apr\u00e8s leur publication sur cette page.<\/p>\n<p>Nous nous r\u00e9servons le droit de mettre \u00e0 jour ou de modifier notre politique de confidentialit\u00e9 \u00e0 tout moment et nous vous conseillons de la consulter r\u00e9guli\u00e8rement. <\/p>\n<p>En continuant \u00e0 utiliser le service apr\u00e8s la publication de toute modification de la politique de confidentialit\u00e9 sur cette page, vous reconnaissez les modifications et acceptez de vous conformer et d&rsquo;\u00eatre li\u00e9 par la politique de confidentialit\u00e9 modifi\u00e9e.<\/p>\n<h3>Nous contacter<\/h3>\n<p>Si vous avez des questions concernant la pr\u00e9sente politique de confidentialit\u00e9, veuillez <a href=\"https:\/\/ckfinc.com\/fr\/nous-contact\/\">nous contacter<\/a>.<\/p>\n\t\t\t\t\t\t\t\t<\/div>\n\t\t\t\t<\/div>\n\t\t\t\t\t<\/div>\n\t\t\t\t<\/div>\n\t\t\t\t<\/div>\n\t\t","protected":false},"excerpt":{"rendered":"<p>CKF Inc. exploite le site <a href=\"http:\/\/www.ckfinc.com\" rel=\"nofollow\">http:\/\/www.ckfinc.com<\/a>. Cette page vous informe de nos politiques concernant la collecte, l&rsquo;utilisation et la divulgation des informations personnelles que nous recevons des utilisateurs du site. En utilisant le site, vous acceptez la collecte et l&rsquo;utilisation des informations conform\u00e9ment \u00e0 cette politique. Collecte et utilisation des informations Lors de l&rsquo;utilisation de [&hellip;]<\/p>\n","protected":false},"author":236612260,"featured_media":0,"parent":0,"menu_order":0,"comment_status":"closed","ping_status":"closed","template":"","meta":{"_acf_changed":false,"_crdt_document":"","footnotes":"","_links_to":"","_links_to_target":""},"categories":[1456],"tags":[],"class_list":["post-12668","page","type-page","status-publish","hentry","category-external-fr"],"acf":[],"yoast_head":"<!-- This site is optimized with the Yoast SEO plugin v27.3 - https:\/\/yoast.com\/product\/yoast-seo-wordpress\/ -->\n<title>Politique de confidentialit\u00e9 - CKF Inc.<\/title>\n<meta name=\"robots\" content=\"noindex, follow\" \/>\n<meta property=\"og:locale\" content=\"fr_FR\" \/>\n<meta property=\"og:type\" content=\"article\" \/>\n<meta property=\"og:title\" content=\"Politique de confidentialit\u00e9 - CKF Inc.\" \/>\n<meta property=\"og:description\" content=\"CKF Inc. exploite le site www.ckfinc.com. Cette page vous informe de nos politiques concernant la collecte, l&rsquo;utilisation et la divulgation des informations personnelles que nous recevons des utilisateurs du site. En utilisant le site, vous acceptez la collecte et l&rsquo;utilisation des informations conform\u00e9ment \u00e0 cette politique. Collecte et utilisation des informations Lors de l&rsquo;utilisation de [&hellip;]\" \/>\n<meta property=\"og:url\" content=\"https:\/\/ckfinc.com\/fr\/politique-de-confidentialite\/\" \/>\n<meta property=\"og:site_name\" content=\"CKF Inc.\" \/>\n<meta name=\"twitter:card\" content=\"summary_large_image\" \/>\n<meta name=\"twitter:label1\" content=\"Dur\u00e9e de lecture estim\u00e9e\" \/>\n\t<meta name=\"twitter:data1\" content=\"3 minutes\" \/>\n<script type=\"application\/ld+json\" class=\"yoast-schema-graph\">{\"@context\":\"https:\\\/\\\/schema.org\",\"@graph\":[{\"@type\":\"WebPage\",\"@id\":\"https:\\\/\\\/ckfinc.com\\\/fr\\\/politique-de-confidentialite\\\/\",\"url\":\"https:\\\/\\\/ckfinc.com\\\/fr\\\/politique-de-confidentialite\\\/\",\"name\":\"Politique de confidentialit\u00e9 - CKF Inc.\",\"isPartOf\":{\"@id\":\"https:\\\/\\\/ckfinc.com\\\/fr\\\/#website\"},\"datePublished\":\"2026-01-23T07:36:48+00:00\",\"breadcrumb\":{\"@id\":\"https:\\\/\\\/ckfinc.com\\\/fr\\\/politique-de-confidentialite\\\/#breadcrumb\"},\"inLanguage\":\"fr-FR\",\"potentialAction\":[{\"@type\":\"ReadAction\",\"target\":[\"https:\\\/\\\/ckfinc.com\\\/fr\\\/politique-de-confidentialite\\\/\"]}]},{\"@type\":\"BreadcrumbList\",\"@id\":\"https:\\\/\\\/ckfinc.com\\\/fr\\\/politique-de-confidentialite\\\/#breadcrumb\",\"itemListElement\":[{\"@type\":\"ListItem\",\"position\":1,\"name\":\"Home\",\"item\":\"https:\\\/\\\/ckfinc.com\\\/fr\\\/\"},{\"@type\":\"ListItem\",\"position\":2,\"name\":\"Politique de confidentialit\u00e9\"}]},{\"@type\":\"WebSite\",\"@id\":\"https:\\\/\\\/ckfinc.com\\\/fr\\\/#website\",\"url\":\"https:\\\/\\\/ckfinc.com\\\/fr\\\/\",\"name\":\"CKF Inc.\",\"description\":\"Proud manufacturers of food service, disposable tableware, and food packaging products since 1933\",\"publisher\":{\"@id\":\"https:\\\/\\\/ckfinc.com\\\/fr\\\/#organization\"},\"potentialAction\":[{\"@type\":\"SearchAction\",\"target\":{\"@type\":\"EntryPoint\",\"urlTemplate\":\"https:\\\/\\\/ckfinc.com\\\/fr\\\/?s={search_term_string}\"},\"query-input\":{\"@type\":\"PropertyValueSpecification\",\"valueRequired\":true,\"valueName\":\"search_term_string\"}}],\"inLanguage\":\"fr-FR\"},{\"@type\":\"Organization\",\"@id\":\"https:\\\/\\\/ckfinc.com\\\/fr\\\/#organization\",\"name\":\"CKF Inc.\",\"url\":\"https:\\\/\\\/ckfinc.com\\\/fr\\\/\",\"logo\":{\"@type\":\"ImageObject\",\"inLanguage\":\"fr-FR\",\"@id\":\"https:\\\/\\\/ckfinc.com\\\/fr\\\/#\\\/schema\\\/logo\\\/image\\\/\",\"url\":\"https:\\\/\\\/i0.wp.com\\\/ckfinc.com\\\/wp-content\\\/uploads\\\/2024\\\/06\\\/CKF-Logo-1.png?fit=100%2C100&ssl=1\",\"contentUrl\":\"https:\\\/\\\/i0.wp.com\\\/ckfinc.com\\\/wp-content\\\/uploads\\\/2024\\\/06\\\/CKF-Logo-1.png?fit=100%2C100&ssl=1\",\"width\":100,\"height\":100,\"caption\":\"CKF Inc.\"},\"image\":{\"@id\":\"https:\\\/\\\/ckfinc.com\\\/fr\\\/#\\\/schema\\\/logo\\\/image\\\/\"}}]}<\/script>\n<!-- \/ Yoast SEO plugin. -->","yoast_head_json":{"title":"Politique de confidentialit\u00e9 - CKF Inc.","robots":{"index":"noindex","follow":"follow"},"og_locale":"fr_FR","og_type":"article","og_title":"Politique de confidentialit\u00e9 - CKF Inc.","og_description":"CKF Inc. exploite le site www.ckfinc.com. Cette page vous informe de nos politiques concernant la collecte, l&rsquo;utilisation et la divulgation des informations personnelles que nous recevons des utilisateurs du site. En utilisant le site, vous acceptez la collecte et l&rsquo;utilisation des informations conform\u00e9ment \u00e0 cette politique. Collecte et utilisation des informations Lors de l&rsquo;utilisation de [&hellip;]","og_url":"https:\/\/ckfinc.com\/fr\/politique-de-confidentialite\/","og_site_name":"CKF Inc.","twitter_card":"summary_large_image","twitter_misc":{"Dur\u00e9e de lecture estim\u00e9e":"3 minutes"},"schema":{"@context":"https:\/\/schema.org","@graph":[{"@type":"WebPage","@id":"https:\/\/ckfinc.com\/fr\/politique-de-confidentialite\/","url":"https:\/\/ckfinc.com\/fr\/politique-de-confidentialite\/","name":"Politique de confidentialit\u00e9 - CKF Inc.","isPartOf":{"@id":"https:\/\/ckfinc.com\/fr\/#website"},"datePublished":"2026-01-23T07:36:48+00:00","breadcrumb":{"@id":"https:\/\/ckfinc.com\/fr\/politique-de-confidentialite\/#breadcrumb"},"inLanguage":"fr-FR","potentialAction":[{"@type":"ReadAction","target":["https:\/\/ckfinc.com\/fr\/politique-de-confidentialite\/"]}]},{"@type":"BreadcrumbList","@id":"https:\/\/ckfinc.com\/fr\/politique-de-confidentialite\/#breadcrumb","itemListElement":[{"@type":"ListItem","position":1,"name":"Home","item":"https:\/\/ckfinc.com\/fr\/"},{"@type":"ListItem","position":2,"name":"Politique de confidentialit\u00e9"}]},{"@type":"WebSite","@id":"https:\/\/ckfinc.com\/fr\/#website","url":"https:\/\/ckfinc.com\/fr\/","name":"CKF Inc.","description":"Proud manufacturers of food service, disposable tableware, and food packaging products since 1933","publisher":{"@id":"https:\/\/ckfinc.com\/fr\/#organization"},"potentialAction":[{"@type":"SearchAction","target":{"@type":"EntryPoint","urlTemplate":"https:\/\/ckfinc.com\/fr\/?s={search_term_string}"},"query-input":{"@type":"PropertyValueSpecification","valueRequired":true,"valueName":"search_term_string"}}],"inLanguage":"fr-FR"},{"@type":"Organization","@id":"https:\/\/ckfinc.com\/fr\/#organization","name":"CKF Inc.","url":"https:\/\/ckfinc.com\/fr\/","logo":{"@type":"ImageObject","inLanguage":"fr-FR","@id":"https:\/\/ckfinc.com\/fr\/#\/schema\/logo\/image\/","url":"https:\/\/i0.wp.com\/ckfinc.com\/wp-content\/uploads\/2024\/06\/CKF-Logo-1.png?fit=100%2C100&ssl=1","contentUrl":"https:\/\/i0.wp.com\/ckfinc.com\/wp-content\/uploads\/2024\/06\/CKF-Logo-1.png?fit=100%2C100&ssl=1","width":100,"height":100,"caption":"CKF Inc."},"image":{"@id":"https:\/\/ckfinc.com\/fr\/#\/schema\/logo\/image\/"}}]}},"jetpack_shortlink":"https:\/\/wp.me\/PfPqMq-3ik","jetpack_sharing_enabled":true,"_links":{"self":[{"href":"https:\/\/ckfinc.com\/fr\/wp-json\/wp\/v2\/pages\/12668","targetHints":{"allow":["GET"]}}],"collection":[{"href":"https:\/\/ckfinc.com\/fr\/wp-json\/wp\/v2\/pages"}],"about":[{"href":"https:\/\/ckfinc.com\/fr\/wp-json\/wp\/v2\/types\/page"}],"author":[{"embeddable":true,"href":"https:\/\/ckfinc.com\/fr\/wp-json\/wp\/v2\/users\/236612260"}],"replies":[{"embeddable":true,"href":"https:\/\/ckfinc.com\/fr\/wp-json\/wp\/v2\/comments?post=12668"}],"version-history":[{"count":3,"href":"https:\/\/ckfinc.com\/fr\/wp-json\/wp\/v2\/pages\/12668\/revisions"}],"predecessor-version":[{"id":12987,"href":"https:\/\/ckfinc.com\/fr\/wp-json\/wp\/v2\/pages\/12668\/revisions\/12987"}],"wp:attachment":[{"href":"https:\/\/ckfinc.com\/fr\/wp-json\/wp\/v2\/media?parent=12668"}],"wp:term":[{"taxonomy":"category","embeddable":true,"href":"https:\/\/ckfinc.com\/fr\/wp-json\/wp\/v2\/categories?post=12668"},{"taxonomy":"post_tag","embeddable":true,"href":"https:\/\/ckfinc.com\/fr\/wp-json\/wp\/v2\/tags?post=12668"}],"curies":[{"name":"wp","href":"https:\/\/api.w.org\/{rel}","templated":true}]}}